{"id":1404,"date":"2025-07-10T16:14:05","date_gmt":"2025-07-10T16:14:05","guid":{"rendered":"https:\/\/mednix.themeht.com\/?page_id=1404"},"modified":"2026-01-30T07:28:54","modified_gmt":"2026-01-30T07:28:54","slug":"contact","status":"publish","type":"page","link":"https:\/\/doktorsitesiwp.webboll.com\/index.php\/contact\/","title":{"rendered":"Contact"},"content":{"rendered":"\t\t<div data-elementor-type=\"wp-page\" data-elementor-id=\"1404\" class=\"elementor elementor-1404\">\n\t\t\t\t<div class=\"elementor-element elementor-element-5a1a4d5 e-flex e-con-boxed e-con e-parent\" data-id=\"5a1a4d5\" data-element_type=\"container\">\n\t\t\t\t\t<div class=\"e-con-inner\">\n\t\t<div class=\"elementor-element elementor-element-9acc0cd e-con-full e-flex e-con e-child\" data-id=\"9acc0cd\" data-element_type=\"container\">\n\t\t\t\t<div class=\"elementor-element elementor-element-d7381c5 elementor-widget elementor-widget-themeht-heading\" data-id=\"d7381c5\" data-element_type=\"widget\" data-widget_type=\"themeht-heading.default\">\n\t\t\t\t<div class=\"elementor-widget-container\">\n\t\t\t\t\t    <div class=\"\">\r\n        <h3 class=\"ht-heading mb-0 \">\r\n            Bize Ula\u015f\u0131n        <\/h3>\r\n    <\/div>\r\n    \t\t\t\t<\/div>\n\t\t\t\t<\/div>\n\t\t\t\t<div class=\"elementor-element elementor-element-a92eecb elementor-widget elementor-widget-contact-list\" data-id=\"a92eecb\" data-element_type=\"widget\" data-widget_type=\"contact-list.default\">\n\t\t\t\t<div class=\"elementor-widget-container\">\n\t\t\t\t\t\r\n        <div class=\"contact-media text-left\">\r\n    <ul class=\"list-unstyled mb-0 contact-info\">\r\n                    <li class=\"d-flex\">\r\n                                    <div  class=\"contact-icon\">\r\n                        <i aria-hidden=\"true\" class=\"flaticon flaticon-home-address\"><\/i>                    <\/div>\r\n                \r\n                <div class=\"contact-details\">\r\n                                            <span class=\"contact-title d-block\">Muayehane<\/span>\r\n                    \r\n                                            <span class=\"mb-0\">Bah\u00e7e\u015fehir 2.K\u0131s\u0131m Mah. Avni Akyol Bulv. Sofa Bah\u00e7e\u015fehir sitesiNo:7, A blok, D:7, Ba\u015fak\u015fehir, \u0130stanbul 34488<\/span>\r\n                                    <\/div>\r\n            <\/li>\r\n                    <li class=\"d-flex\">\r\n                                    <div  class=\"contact-icon\">\r\n                        <i aria-hidden=\"true\" class=\"flaticon flaticon-email-3\"><\/i>                    <\/div>\r\n                \r\n                <div class=\"contact-details\">\r\n                                            <span class=\"contact-title d-block\">E-Posta<\/span>\r\n                    \r\n                                            <a href=\"mailto:dr@webboll.com\">dr@webboll.com<\/a>\r\n                                    <\/div>\r\n            <\/li>\r\n                    <li class=\"d-flex\">\r\n                                    <div  class=\"contact-icon\">\r\n                        <i aria-hidden=\"true\" class=\"flaticon flaticon-phone-call\"><\/i>                    <\/div>\r\n                \r\n                <div class=\"contact-details\">\r\n                                            <span class=\"contact-title d-block\">Telefon<\/span>\r\n                    \r\n                                            <a href=\"tel:05421199499\">0 542 11 99 499<\/a>\r\n                                    <\/div>\r\n            <\/li>\r\n            <\/ul>\r\n<\/div>\r\n\r\n\r\n        \t\t\t\t<\/div>\n\t\t\t\t<\/div>\n\t\t\t\t<div class=\"elementor-element elementor-element-5aa3919 elementor-widget elementor-widget-themeht-heading\" data-id=\"5aa3919\" data-element_type=\"widget\" data-widget_type=\"themeht-heading.default\">\n\t\t\t\t<div class=\"elementor-widget-container\">\n\t\t\t\t\t    <div class=\"\">\r\n        <h5 class=\"ht-heading  \">\r\n            \u00c7al\u0131\u015fma Saatlerimiz        <\/h5>\r\n    <\/div>\r\n    \t\t\t\t<\/div>\n\t\t\t\t<\/div>\n\t\t\t\t<div class=\"elementor-element elementor-element-d04f48d elementor-widget elementor-widget-working-hours\" data-id=\"d04f48d\" data-element_type=\"widget\" data-widget_type=\"working-hours.default\">\n\t\t\t\t<div class=\"elementor-widget-container\">\n\t\t\t\t\t\r\n            <div class=\"working-hours-item\">\r\n            <span class=\"working-day\">Pazartesi - Cuma<\/span>\r\n            <span class=\"working-time\">9:00 - 18:00<\/span>\r\n        <\/div>\r\n                    <div class=\"working-hours-item\">\r\n            <span class=\"working-day\">Cumartesi<\/span>\r\n            <span class=\"working-time\">8:00 - 16:00<\/span>\r\n        <\/div>\r\n                    <div class=\"working-hours-item\">\r\n            <span class=\"working-day\">Acil Durumlarda<\/span>\r\n            <span class=\"working-time\">7\/24 Saat<\/span>\r\n        <\/div>\r\n            \r\n    \t\t\t\t<\/div>\n\t\t\t\t<\/div>\n\t\t\t\t<div class=\"elementor-element elementor-element-03f7d9a elementor-widget elementor-widget-ht-social\" data-id=\"03f7d9a\" data-element_type=\"widget\" data-widget_type=\"ht-social.default\">\n\t\t\t\t<div class=\"elementor-widget-container\">\n\t\t\t\t\t        <div class=\"social-icons left\">\r\n            <ul class=\"list-inline mb-0\">\r\n                                                            <li class=\"list-inline-item\">\r\n                            <a href=\"#\" target=\"_blank\" rel=\"noopener noreferrer\">\r\n                                <i aria-hidden=\"true\" class=\"flaticon flaticon-facebook-app-symbol\"><\/i>                            <\/a>\r\n                        <\/li>\r\n                                            <li class=\"list-inline-item\">\r\n                            <a href=\"#\" target=\"_blank\" rel=\"noopener noreferrer\">\r\n                                <i aria-hidden=\"true\" class=\"flaticon flaticon-twitter\"><\/i>                            <\/a>\r\n                        <\/li>\r\n                                            <li class=\"list-inline-item\">\r\n                            <a href=\"#\" target=\"_blank\" rel=\"noopener noreferrer\">\r\n                                <i aria-hidden=\"true\" class=\"flaticon flaticon-linkedin\"><\/i>                            <\/a>\r\n                        <\/li>\r\n                                            <li class=\"list-inline-item\">\r\n                            <a href=\"#\" target=\"_blank\" rel=\"noopener noreferrer\">\r\n                                <i aria-hidden=\"true\" class=\"flaticon flaticon-whatsapp\"><\/i>                            <\/a>\r\n                        <\/li>\r\n                                                <\/ul>\r\n        <\/div>\r\n        \t\t\t\t<\/div>\n\t\t\t\t<\/div>\n\t\t\t\t<\/div>\n\t\t<div class=\"elementor-element elementor-element-27b9cfc e-con-full e-flex e-con e-child\" data-id=\"27b9cfc\" data-element_type=\"container\">\n\t\t\t\t<div class=\"elementor-element elementor-element-47418e3 elementor-widget elementor-widget-title\" data-id=\"47418e3\" data-element_type=\"widget\" data-widget_type=\"title.default\">\n\t\t\t\t<div class=\"elementor-widget-container\">\n\t\t\t\t\t        <div class=\"theme-title style-1  \">\r\n                            <div class=\"ht-subtitle\"><h6>Bize Ula\u015f\u0131n<\/h6><\/div>\r\n                        <h2 class=\"text-anime-style\">Randevu Talebi<\/h2>\r\n            <div><\/div>\r\n        <\/div>\r\n        \t\t\t\t<\/div>\n\t\t\t\t<\/div>\n\t\t\t\t<div class=\"elementor-element elementor-element-7b6061b elementor-widget elementor-widget-text-editor\" data-id=\"7b6061b\" data-element_type=\"widget\" data-widget_type=\"text-editor.default\">\n\t\t\t\t\t\t\t\t\t<p>Formu kullanarak randevu talebi olu\u015fturabilirsiniz. Size en k\u0131sa zamanda d\u00f6n\u00fc\u015f sa\u011flayaca\u011f\u0131z.<\/p>\t\t\t\t\t\t\t\t<\/div>\n\t\t\t\t<div class=\"elementor-element elementor-element-7120915 elementor-widget elementor-widget-shortcode\" data-id=\"7120915\" data-element_type=\"widget\" data-widget_type=\"shortcode.default\">\n\t\t\t\t\t\t\t<div class=\"elementor-shortcode\">\n<div class=\"wpcf7 no-js\" id=\"wpcf7-f660-o1\" lang=\"en-US\" dir=\"ltr\" data-wpcf7-id=\"660\">\n<div class=\"screen-reader-response\"><p role=\"status\" aria-live=\"polite\" aria-atomic=\"true\"><\/p> <ul><\/ul><\/div>\n<form action=\"\/index.php\/wp-json\/wp\/v2\/pages\/1404#wpcf7-f660-o1\" method=\"post\" class=\"wpcf7-form init\" aria-label=\"Contact form\" novalidate=\"novalidate\" data-status=\"init\">\n<fieldset class=\"hidden-fields-container\"><input type=\"hidden\" name=\"_wpcf7\" value=\"660\" \/><input type=\"hidden\" name=\"_wpcf7_version\" value=\"6.1.4\" \/><input type=\"hidden\" name=\"_wpcf7_locale\" value=\"en_US\" \/><input type=\"hidden\" name=\"_wpcf7_unit_tag\" value=\"wpcf7-f660-o1\" \/><input type=\"hidden\" name=\"_wpcf7_container_post\" value=\"0\" \/><input type=\"hidden\" name=\"_wpcf7_posted_data_hash\" value=\"\" \/>\n<\/fieldset>\n<div class=\"contact-form\">\n  <div class=\"row\">    \n    <div class=\"col-md-6 mb-3\"><span class=\"wpcf7-form-control-wrap\" data-name=\"your-name\"><input size=\"40\" maxlength=\"400\" class=\"wpcf7-form-control wpcf7-text\" aria-invalid=\"false\" placeholder=\"Ad\u0131n\u0131z Soyad\u0131n\u0131z\" value=\"\" type=\"text\" name=\"your-name\" \/><\/span><\/div>\n    <div class=\"col-md-6 mb-3\"><span class=\"wpcf7-form-control-wrap\" data-name=\"your-email\"><input size=\"40\" maxlength=\"400\" class=\"wpcf7-form-control wpcf7-email wpcf7-validates-as-required wpcf7-text wpcf7-validates-as-email\" aria-required=\"true\" aria-invalid=\"false\" placeholder=\"E-Posta Adresiniz\" value=\"\" type=\"email\" name=\"your-email\" \/><\/span><\/div>\n<div class=\"col-md-6 mb-3\"><span class=\"wpcf7-form-control-wrap\" data-name=\"tel-893\"><input size=\"40\" maxlength=\"400\" class=\"wpcf7-form-control wpcf7-tel wpcf7-validates-as-required wpcf7-text wpcf7-validates-as-tel\" aria-required=\"true\" aria-invalid=\"false\" placeholder=\"Telefon Numaran\u0131z\" value=\"\" type=\"tel\" name=\"tel-893\" \/><\/span><\/div>     \n    <div class=\"col-md-6 mb-3\"><span class=\"wpcf7-form-control-wrap\" data-name=\"date-580\"><input class=\"wpcf7-form-control wpcf7-date wpcf7-validates-as-required wpcf7-validates-as-date\" aria-required=\"true\" aria-invalid=\"false\" value=\"\" type=\"date\" name=\"date-580\" \/><\/span><\/div>     \n    <div class=\"col-md-12 mb-3\"><span class=\"wpcf7-form-control-wrap\" data-name=\"your-message\"><textarea cols=\"40\" rows=\"10\" maxlength=\"2000\" class=\"wpcf7-form-control wpcf7-textarea\" aria-invalid=\"false\" placeholder=\"Mesaj\u0131n\u0131z\" name=\"your-message\"><\/textarea><\/span><\/div>\n    <div class=\"col-md-12 mt-4\"><input class=\"wpcf7-form-control wpcf7-submit has-spinner\" type=\"submit\" value=\"Randevu Al\u0131n\" \/><\/div>\n    <\/div>\n  <\/div><div class=\"wpcf7-response-output\" aria-hidden=\"true\"><\/div>\n<\/form>\n<\/div>\n<\/div>\n\t\t\t\t\t\t<\/div>\n\t\t\t\t<\/div>\n\t\t\t\t\t<\/div>\n\t\t\t\t<\/div>\n\t\t<div class=\"elementor-element elementor-element-f049b54 e-flex e-con-boxed e-con e-parent\" data-id=\"f049b54\" data-element_type=\"container\">\n\t\t\t\t\t<div class=\"e-con-inner\">\n\t\t\t\t<div class=\"elementor-element elementor-element-c6b7d17 elementor-widget elementor-widget-google_maps\" data-id=\"c6b7d17\" data-element_type=\"widget\" data-widget_type=\"google_maps.default\">\n\t\t\t\t\t\t\t<div class=\"elementor-custom-embed\">\n\t\t\t<iframe loading=\"lazy\"\n\t\t\t\t\tsrc=\"https:\/\/maps.google.com\/maps?q=%20Avni%20Akyol%20Bulv.%20Sofa%20Bah%C3%A7e%C5%9Fehir%20sitesi%20No%3A7%20Ba%C5%9Fak%C5%9Fehir%2C%20%C4%B0stanbul%2034488&#038;t=m&#038;z=10&#038;output=embed&#038;iwloc=near\"\n\t\t\t\t\ttitle=\" Avni Akyol Bulv. Sofa Bah\u00e7e\u015fehir sitesi No:7 Ba\u015fak\u015fehir, \u0130stanbul 34488\"\n\t\t\t\t\taria-label=\" Avni Akyol Bulv. Sofa Bah\u00e7e\u015fehir sitesi No:7 Ba\u015fak\u015fehir, \u0130stanbul 34488\"\n\t\t\t><\/iframe>\n\t\t<\/div>\n\t\t\t\t\t\t<\/div>\n\t\t\t\t\t<\/div>\n\t\t\t\t<\/div>\n\t\t\t\t<\/div>\n\t\t","protected":false},"excerpt":{"rendered":"<p>Bize Ula\u015f\u0131n Muayehane Bah\u00e7e\u015fehir 2.K\u0131s\u0131m Mah. Avni Akyol Bulv. Sofa Bah\u00e7e\u015fehir sitesiNo:7, A blok, D:7, Ba\u015fak\u015fehir, \u0130stanbul 34488 E-Posta dr@webboll.com Telefon 0 542 11 99 499 \u00c7al\u0131\u015fma Saatlerimiz Pazartesi &#8211; Cuma 9:00 &#8211; 18:00 Cumartesi 8:00 &#8211; 16:00 Acil Durumlarda 7\/24 Saat Bize Ula\u015f\u0131n Randevu Talebi Formu kullanarak randevu talebi olu\u015fturabilirsiniz. Size en k\u0131sa zamanda [&hellip;]<\/p>\n","protected":false},"author":1,"featured_media":0,"parent":0,"menu_order":0,"comment_status":"closed","ping_status":"closed","template":"","meta":{"footnotes":""},"class_list":["post-1404","page","type-page","status-publish","hentry"],"_links":{"self":[{"href":"https:\/\/doktorsitesiwp.webboll.com\/index.php\/wp-json\/wp\/v2\/pages\/1404","targetHints":{"allow":["GET"]}}],"collection":[{"href":"https:\/\/doktorsitesiwp.webboll.com\/index.php\/wp-json\/wp\/v2\/pages"}],"about":[{"href":"https:\/\/doktorsitesiwp.webboll.com\/index.php\/wp-json\/wp\/v2\/types\/page"}],"author":[{"embeddable":true,"href":"https:\/\/doktorsitesiwp.webboll.com\/index.php\/wp-json\/wp\/v2\/users\/1"}],"replies":[{"embeddable":true,"href":"https:\/\/doktorsitesiwp.webboll.com\/index.php\/wp-json\/wp\/v2\/comments?post=1404"}],"version-history":[{"count":0,"href":"https:\/\/doktorsitesiwp.webboll.com\/index.php\/wp-json\/wp\/v2\/pages\/1404\/revisions"}],"wp:attachment":[{"href":"https:\/\/doktorsitesiwp.webboll.com\/index.php\/wp-json\/wp\/v2\/media?parent=1404"}],"curies":[{"name":"wp","href":"https:\/\/api.w.org\/{rel}","templated":true}]}}