{"id":14646,"date":"2025-10-28T17:59:29","date_gmt":"2025-10-28T17:59:29","guid":{"rendered":"https:\/\/doktorsitesiwp.webboll.com\/?page_id=14646"},"modified":"2026-01-30T09:45:51","modified_gmt":"2026-01-30T09:45:51","slug":"our-services-2","status":"publish","type":"page","link":"https:\/\/doktorsitesiwp.webboll.com\/index.php\/our-services-2\/","title":{"rendered":"Hizmetlerimiz"},"content":{"rendered":"\t\t<div data-elementor-type=\"wp-page\" data-elementor-id=\"14646\" class=\"elementor elementor-14646\">\n\t\t\t\t<div class=\"elementor-element elementor-element-daa9f11 e-flex e-con-boxed e-con e-parent\" data-id=\"daa9f11\" data-element_type=\"container\">\n\t\t\t\t\t<div class=\"e-con-inner\">\n\t\t\t\t<div class=\"elementor-element elementor-element-4b806e0 elementor-widget elementor-widget-ht-service\" data-id=\"4b806e0\" data-element_type=\"widget\" data-widget_type=\"ht-service.default\">\n\t\t\t\t<div class=\"elementor-widget-container\">\n\t\t\t\t\t<div class=\"row service-active our-service-grid\" style=\"margin-left:-15px; margin-right:-15px;\"><div class=\"col-lg-4\" style=\"padding-left:15px; padding-right:15px; margin-bottom:30px;\"><div class=\"service-item style-4\">\r\n                <div class=\"service-image\"><img decoding=\"async\" src=\"https:\/\/mednix.themeht.com\/wp-content\/uploads\/2025\/09\/01.jpg\" title=\"\" alt=\"\" loading=\"lazy\" \/><\/div>\r\n            \r\n    <div class=\"service-desc\">\r\n\r\n                <div class=\"service-icon\">\r\n                <i aria-hidden=\"true\" class=\"flaticon flaticon-orthopedics\"><\/i>            <\/div>\r\n            \r\n       \r\n\r\n            <div class=\"service-title\">\r\n            <h4>\r\n                <a href=\"\/service-details\" \r\n                   target=\"_self\">\r\n                    Ergen Psikiyatrisi                <\/a>\r\n            <\/h4>\r\n        <\/div>\r\n    \r\n            <p style=\"-webkit-line-clamp: 2;\">Ergenlik d\u00f6neminde ortaya \u00e7\u0131kan duygusal, davran\u0131\u015fsal ve geli\u015fimsel sorunlar\u0131n sa\u011fl\u0131kl\u0131 bir \u015fekilde ele al\u0131nmas\u0131n\u0131 hedefler.<\/p>\r\n    \r\n            <a href=\"\/service-details\"\r\n           class=\"link-btn\"\r\n           target=\"_self\">\r\n            Detaylar <i class=\"flaticon flaticon-right-arrow-1\"><\/i>\r\n        <\/a>\r\n        <\/div>\r\n<\/div>\r\n<\/div><div class=\"col-lg-4\" style=\"padding-left:15px; padding-right:15px; margin-bottom:30px;\"><div class=\"service-item style-4\">\r\n                <div class=\"service-image\"><img fetchpriority=\"high\" decoding=\"async\" width=\"1920\" height=\"1080\" src=\"https:\/\/doktorsitesiwp.webboll.com\/wp-content\/uploads\/2025\/09\/04.jpg\" class=\"attachment-full size-full wp-image-6198\" alt=\"\" srcset=\"https:\/\/doktorsitesiwp.webboll.com\/wp-content\/uploads\/2025\/09\/04.jpg 1920w, https:\/\/doktorsitesiwp.webboll.com\/wp-content\/uploads\/2025\/09\/04-300x169.jpg 300w, https:\/\/doktorsitesiwp.webboll.com\/wp-content\/uploads\/2025\/09\/04-1024x576.jpg 1024w, https:\/\/doktorsitesiwp.webboll.com\/wp-content\/uploads\/2025\/09\/04-768x432.jpg 768w, https:\/\/doktorsitesiwp.webboll.com\/wp-content\/uploads\/2025\/09\/04-1536x864.jpg 1536w, https:\/\/doktorsitesiwp.webboll.com\/wp-content\/uploads\/2025\/09\/04-600x338.jpg 600w\" sizes=\"(max-width: 1920px) 100vw, 1920px\" \/><\/div>\r\n            \r\n    <div class=\"service-desc\">\r\n\r\n                <div class=\"service-icon\">\r\n                <i aria-hidden=\"true\" class=\"flaticon flaticon-diagnostic\"><\/i>            <\/div>\r\n            \r\n       \r\n\r\n            <div class=\"service-title\">\r\n            <h4>\r\n                <a href=\"\/service-details\" \r\n                   target=\"_self\">\r\n                    Yeti\u015fkin Psikiyatrisi                <\/a>\r\n            <\/h4>\r\n        <\/div>\r\n    \r\n            <p style=\"-webkit-line-clamp: 2;\">Yeti\u015fkin bireylerin ruhsal sorunlar\u0131n\u0131 b\u00fct\u00fcnc\u00fcl bir yakla\u015f\u0131mla de\u011ferlendirerek i\u015flevsellik ve ya\u015fam kalitesini art\u0131rmay\u0131 ama\u00e7lar.<\/p>\r\n    \r\n            <a href=\"\/service-details\"\r\n           class=\"link-btn\"\r\n           target=\"_self\">\r\n            Detaylar <i class=\"flaticon flaticon-right-arrow-1\"><\/i>\r\n        <\/a>\r\n        <\/div>\r\n<\/div>\r\n<\/div><div class=\"col-lg-4\" style=\"padding-left:15px; padding-right:15px; margin-bottom:30px;\"><div class=\"service-item style-4\">\r\n                <div class=\"service-image\"><img decoding=\"async\" width=\"1920\" height=\"1080\" src=\"https:\/\/doktorsitesiwp.webboll.com\/wp-content\/uploads\/2025\/09\/05-1.jpg\" class=\"attachment-full size-full wp-image-6199\" alt=\"\" srcset=\"https:\/\/doktorsitesiwp.webboll.com\/wp-content\/uploads\/2025\/09\/05-1.jpg 1920w, https:\/\/doktorsitesiwp.webboll.com\/wp-content\/uploads\/2025\/09\/05-1-300x169.jpg 300w, https:\/\/doktorsitesiwp.webboll.com\/wp-content\/uploads\/2025\/09\/05-1-1024x576.jpg 1024w, https:\/\/doktorsitesiwp.webboll.com\/wp-content\/uploads\/2025\/09\/05-1-768x432.jpg 768w, https:\/\/doktorsitesiwp.webboll.com\/wp-content\/uploads\/2025\/09\/05-1-1536x864.jpg 1536w, https:\/\/doktorsitesiwp.webboll.com\/wp-content\/uploads\/2025\/09\/05-1-600x338.jpg 600w\" sizes=\"(max-width: 1920px) 100vw, 1920px\" \/><\/div>\r\n            \r\n    <div class=\"service-desc\">\r\n\r\n                <div class=\"service-icon\">\r\n                <i aria-hidden=\"true\" class=\"flaticon flaticon-sugar-blood-level\"><\/i>            <\/div>\r\n            \r\n       \r\n\r\n            <div class=\"service-title\">\r\n            <h4>\r\n                <a href=\"\/service-details\" \r\n                   target=\"_self\">\r\n                    Ya\u015fl\u0131l\u0131k Psikiyatrisi                <\/a>\r\n            <\/h4>\r\n        <\/div>\r\n    \r\n            <p style=\"-webkit-line-clamp: 2;\">\u0130leri ya\u015fta g\u00f6r\u00fclen ruhsal de\u011fi\u015fimleri ve hastal\u0131klar\u0131 ele alarak zihinsel sa\u011fl\u0131\u011f\u0131n korunmas\u0131n\u0131 ve s\u00fcrd\u00fcr\u00fclmesini destekler.<\/p>\r\n    \r\n            <a href=\"\/service-details\"\r\n           class=\"link-btn\"\r\n           target=\"_self\">\r\n            Explore Service <i class=\"flaticon flaticon-right-arrow-1\"><\/i>\r\n        <\/a>\r\n        <\/div>\r\n<\/div>\r\n<\/div><\/div>\t\t\t\t<\/div>\n\t\t\t\t<\/div>\n\t\t\t\t\t<\/div>\n\t\t\t\t<\/div>\n\t\t<div class=\"elementor-element elementor-element-74f1348 e-flex e-con-boxed e-con e-parent\" data-id=\"74f1348\" data-element_type=\"container\" data-settings=\"{&quot;background_background&quot;:&quot;classic&quot;}\">\n\t\t\t\t\t<div class=\"e-con-inner\">\n\t\t<div class=\"elementor-element elementor-element-ec7508f e-con-full e-flex e-con e-child\" data-id=\"ec7508f\" data-element_type=\"container\">\n\t\t\t\t<div class=\"elementor-element elementor-element-acc0106 elementor-widget-tablet__width-inherit elementor-widget elementor-widget-title\" data-id=\"acc0106\" data-element_type=\"widget\" data-widget_type=\"title.default\">\n\t\t\t\t<div class=\"elementor-widget-container\">\n\t\t\t\t\t        <div class=\"theme-title style-1 text-white \">\r\n                        <h2 class=\"text-anime-style\">Sa\u011fl\u0131kl\u0131 bir mental ya\u015fam i\u00e7in<span class=\"title-sub\">Randevu Olu\u015fturabilirsiniz<\/span><\/h2>\r\n            <div><\/div>\r\n        <\/div>\r\n        \t\t\t\t<\/div>\n\t\t\t\t<\/div>\n\t\t\t\t<\/div>\n\t\t<div class=\"elementor-element elementor-element-7085906 e-con-full elementor-hidden-tablet elementor-hidden-mobile e-flex e-con e-child\" data-id=\"7085906\" data-element_type=\"container\">\n\t\t\t\t<\/div>\n\t\t\t\t\t<\/div>\n\t\t\t\t<\/div>\n\t\t<div class=\"elementor-element elementor-element-b3eb976 dark-bg e-flex e-con-boxed e-con e-parent\" data-id=\"b3eb976\" data-element_type=\"container\">\n\t\t\t\t\t<div class=\"e-con-inner\">\n\t\t<div class=\"elementor-element elementor-element-9e749eb e-con-full e-flex e-con e-child\" data-id=\"9e749eb\" data-element_type=\"container\">\n\t\t<div class=\"elementor-element elementor-element-480beec e-grid e-con-full e-con e-child\" data-id=\"480beec\" data-element_type=\"container\">\n\t\t\t\t<div class=\"elementor-element elementor-element-7655714 elementor-widget elementor-widget-image\" data-id=\"7655714\" data-element_type=\"widget\" data-widget_type=\"image.default\">\n\t\t\t\t\t\t\t\t\t\t\t\t\t\t\t<img decoding=\"async\" width=\"300\" height=\"240\" src=\"https:\/\/doktorsitesiwp.webboll.com\/wp-content\/uploads\/2025\/10\/calende3.webp\" class=\"attachment-full size-full wp-image-13273\" alt=\"\" \/>\t\t\t\t\t\t\t\t\t\t\t\t\t\t\t<\/div>\n\t\t\t\t<div class=\"elementor-element elementor-element-b69bdb1 elementor-widget elementor-widget-working-hours\" data-id=\"b69bdb1\" data-element_type=\"widget\" data-widget_type=\"working-hours.default\">\n\t\t\t\t<div class=\"elementor-widget-container\">\n\t\t\t\t\t\r\n            <div class=\"working-hours-item\">\r\n            <span class=\"working-day\">Pazartesi - Cuma<\/span>\r\n            <span class=\"working-time\">9:00 - 18:00<\/span>\r\n        <\/div>\r\n                    <div class=\"working-hours-item\">\r\n            <span class=\"working-day\">Cumartesi<\/span>\r\n            <span class=\"working-time\">8:00 - 16:00<\/span>\r\n        <\/div>\r\n                    <div class=\"working-hours-item\">\r\n            <span class=\"working-day\">Acil Durumlarda<\/span>\r\n            <span class=\"working-time\">7\/24 Saat<\/span>\r\n        <\/div>\r\n            \r\n    \t\t\t\t<\/div>\n\t\t\t\t<\/div>\n\t\t\t\t<\/div>\n\t\t<div class=\"elementor-element elementor-element-c184c60 e-grid e-con-full e-con e-child\" data-id=\"c184c60\" data-element_type=\"container\">\n\t\t\t\t<div class=\"elementor-element elementor-element-040c82e elementor-widget elementor-widget-contact-list\" data-id=\"040c82e\" data-element_type=\"widget\" data-widget_type=\"contact-list.default\">\n\t\t\t\t<div class=\"elementor-widget-container\">\n\t\t\t\t\t\r\n        <div class=\"contact-media text-left\">\r\n    <ul class=\"list-unstyled mb-0 contact-info\">\r\n                    <li class=\"d-inline-flex\">\r\n                                    <div  class=\"contact-icon\">\r\n                        <i aria-hidden=\"true\" class=\"flaticon flaticon-home-address\"><\/i>                    <\/div>\r\n                \r\n                <div class=\"contact-details\">\r\n                                            <span class=\"contact-title d-block\">Muayenehane<\/span>\r\n                    \r\n                                            <span class=\"mb-0\">Bah\u00e7e\u015fehir 2.K\u0131s\u0131m Mah. Avni Akyol Bulv. Sofa Bah\u00e7e\u015fehir sitesiNo:7, A blok, D:7, \u0130stanbul<\/span>\r\n                                    <\/div>\r\n            <\/li>\r\n            <\/ul>\r\n<\/div>\r\n\r\n\r\n        \t\t\t\t<\/div>\n\t\t\t\t<\/div>\n\t\t\t\t<div class=\"elementor-element elementor-element-e6f6d64 elementor-widget elementor-widget-contact-list\" data-id=\"e6f6d64\" data-element_type=\"widget\" data-widget_type=\"contact-list.default\">\n\t\t\t\t<div class=\"elementor-widget-container\">\n\t\t\t\t\t\r\n        <div class=\"contact-media text-left\">\r\n    <ul class=\"list-unstyled mb-0 contact-info\">\r\n                    <li class=\"d-inline-flex\">\r\n                                    <div  class=\"contact-icon\">\r\n                        <i aria-hidden=\"true\" class=\"flaticon flaticon-phone-call\"><\/i>                    <\/div>\r\n                \r\n                <div class=\"contact-details\">\r\n                                            <span class=\"contact-title d-block\">Telefon<\/span>\r\n                    \r\n                                            <a href=\"tel:05421199499\">0 542 11 99 499<\/a>\r\n                                    <\/div>\r\n            <\/li>\r\n            <\/ul>\r\n<\/div>\r\n\r\n\r\n        \t\t\t\t<\/div>\n\t\t\t\t<\/div>\n\t\t\t\t<\/div>\n\t\t\t\t<\/div>\n\t\t<div class=\"elementor-element elementor-element-ecd8521 e-con-full white-bg e-flex e-con e-child\" data-id=\"ecd8521\" data-element_type=\"container\">\n\t\t\t\t<div class=\"elementor-element elementor-element-86ced11 elementor-widget elementor-widget-themeht-heading\" data-id=\"86ced11\" data-element_type=\"widget\" data-widget_type=\"themeht-heading.default\">\n\t\t\t\t<div class=\"elementor-widget-container\">\n\t\t\t\t\t    <div class=\"\">\r\n        <h3 class=\"ht-heading  \">\r\n            Randevu Talebi        <\/h3>\r\n    <\/div>\r\n    \t\t\t\t<\/div>\n\t\t\t\t<\/div>\n\t\t\t\t<div class=\"elementor-element elementor-element-4a3e404 elementor-widget elementor-widget-shortcode\" data-id=\"4a3e404\" data-element_type=\"widget\" data-widget_type=\"shortcode.default\">\n\t\t\t\t\t\t\t<div class=\"elementor-shortcode\">\n<div class=\"wpcf7 no-js\" id=\"wpcf7-f660-o1\" lang=\"en-US\" dir=\"ltr\" data-wpcf7-id=\"660\">\n<div class=\"screen-reader-response\"><p role=\"status\" aria-live=\"polite\" aria-atomic=\"true\"><\/p> <ul><\/ul><\/div>\n<form action=\"\/index.php\/wp-json\/wp\/v2\/pages\/14646#wpcf7-f660-o1\" method=\"post\" class=\"wpcf7-form init\" aria-label=\"Contact form\" novalidate=\"novalidate\" data-status=\"init\">\n<fieldset class=\"hidden-fields-container\"><input type=\"hidden\" name=\"_wpcf7\" value=\"660\" \/><input type=\"hidden\" name=\"_wpcf7_version\" value=\"6.1.4\" \/><input type=\"hidden\" name=\"_wpcf7_locale\" value=\"en_US\" \/><input type=\"hidden\" name=\"_wpcf7_unit_tag\" value=\"wpcf7-f660-o1\" \/><input type=\"hidden\" name=\"_wpcf7_container_post\" value=\"0\" \/><input type=\"hidden\" name=\"_wpcf7_posted_data_hash\" value=\"\" \/>\n<\/fieldset>\n<div class=\"contact-form\">\n  <div class=\"row\">    \n    <div class=\"col-md-6 mb-3\"><span class=\"wpcf7-form-control-wrap\" data-name=\"your-name\"><input size=\"40\" maxlength=\"400\" class=\"wpcf7-form-control wpcf7-text\" aria-invalid=\"false\" placeholder=\"Ad\u0131n\u0131z Soyad\u0131n\u0131z\" value=\"\" type=\"text\" name=\"your-name\" \/><\/span><\/div>\n    <div class=\"col-md-6 mb-3\"><span class=\"wpcf7-form-control-wrap\" data-name=\"your-email\"><input size=\"40\" maxlength=\"400\" class=\"wpcf7-form-control wpcf7-email wpcf7-validates-as-required wpcf7-text wpcf7-validates-as-email\" aria-required=\"true\" aria-invalid=\"false\" placeholder=\"E-Posta Adresiniz\" value=\"\" type=\"email\" name=\"your-email\" \/><\/span><\/div>\n<div class=\"col-md-6 mb-3\"><span class=\"wpcf7-form-control-wrap\" data-name=\"tel-893\"><input size=\"40\" maxlength=\"400\" class=\"wpcf7-form-control wpcf7-tel wpcf7-validates-as-required wpcf7-text wpcf7-validates-as-tel\" aria-required=\"true\" aria-invalid=\"false\" placeholder=\"Telefon Numaran\u0131z\" value=\"\" type=\"tel\" name=\"tel-893\" \/><\/span><\/div>     \n    <div class=\"col-md-6 mb-3\"><span class=\"wpcf7-form-control-wrap\" data-name=\"date-580\"><input class=\"wpcf7-form-control wpcf7-date wpcf7-validates-as-required wpcf7-validates-as-date\" aria-required=\"true\" aria-invalid=\"false\" value=\"\" type=\"date\" name=\"date-580\" \/><\/span><\/div>     \n    <div class=\"col-md-12 mb-3\"><span class=\"wpcf7-form-control-wrap\" data-name=\"your-message\"><textarea cols=\"40\" rows=\"10\" maxlength=\"2000\" class=\"wpcf7-form-control wpcf7-textarea\" aria-invalid=\"false\" placeholder=\"Mesaj\u0131n\u0131z\" name=\"your-message\"><\/textarea><\/span><\/div>\n    <div class=\"col-md-12 mt-4\"><input class=\"wpcf7-form-control wpcf7-submit has-spinner\" type=\"submit\" value=\"Randevu Al\u0131n\" \/><\/div>\n    <\/div>\n  <\/div><div class=\"wpcf7-response-output\" aria-hidden=\"true\"><\/div>\n<\/form>\n<\/div>\n<\/div>\n\t\t\t\t\t\t<\/div>\n\t\t\t\t<div class=\"elementor-element elementor-element-3df6d5e elementor-widget__width-initial elementor-absolute elementor-widget-divider--view-line elementor-widget elementor-widget-divider\" data-id=\"3df6d5e\" data-element_type=\"widget\" data-settings=\"{&quot;_position&quot;:&quot;absolute&quot;}\" data-widget_type=\"divider.default\">\n\t\t\t\t\t\t\t<div class=\"elementor-divider\">\n\t\t\t<span class=\"elementor-divider-separator\">\n\t\t\t\t\t\t<\/span>\n\t\t<\/div>\n\t\t\t\t\t\t<\/div>\n\t\t\t\t<div class=\"elementor-element elementor-element-7c9ef21 elementor-widget__width-initial elementor-absolute elementor-widget-divider--view-line elementor-widget elementor-widget-divider\" data-id=\"7c9ef21\" data-element_type=\"widget\" data-settings=\"{&quot;_position&quot;:&quot;absolute&quot;}\" data-widget_type=\"divider.default\">\n\t\t\t\t\t\t\t<div class=\"elementor-divider\">\n\t\t\t<span class=\"elementor-divider-separator\">\n\t\t\t\t\t\t<\/span>\n\t\t<\/div>\n\t\t\t\t\t\t<\/div>\n\t\t\t\t<\/div>\n\t\t\t\t\t<\/div>\n\t\t\t\t<\/div>\n\t\t\t\t<\/div>\n\t\t","protected":false},"excerpt":{"rendered":"<p>Ergen Psikiyatrisi Ergenlik d\u00f6neminde ortaya \u00e7\u0131kan duygusal, davran\u0131\u015fsal ve geli\u015fimsel sorunlar\u0131n sa\u011fl\u0131kl\u0131 bir \u015fekilde ele al\u0131nmas\u0131n\u0131 hedefler. Detaylar Yeti\u015fkin Psikiyatrisi Yeti\u015fkin bireylerin ruhsal sorunlar\u0131n\u0131 b\u00fct\u00fcnc\u00fcl bir yakla\u015f\u0131mla de\u011ferlendirerek i\u015flevsellik ve ya\u015fam kalitesini art\u0131rmay\u0131 ama\u00e7lar. Detaylar Ya\u015fl\u0131l\u0131k Psikiyatrisi \u0130leri ya\u015fta g\u00f6r\u00fclen ruhsal de\u011fi\u015fimleri ve hastal\u0131klar\u0131 ele alarak zihinsel sa\u011fl\u0131\u011f\u0131n korunmas\u0131n\u0131 ve s\u00fcrd\u00fcr\u00fclmesini destekler. Explore Service Sa\u011fl\u0131kl\u0131 [&hellip;]<\/p>\n","protected":false},"author":1,"featured_media":0,"parent":0,"menu_order":0,"comment_status":"closed","ping_status":"closed","template":"","meta":{"footnotes":""},"class_list":["post-14646","page","type-page","status-publish","hentry"],"_links":{"self":[{"href":"https:\/\/doktorsitesiwp.webboll.com\/index.php\/wp-json\/wp\/v2\/pages\/14646","targetHints":{"allow":["GET"]}}],"collection":[{"href":"https:\/\/doktorsitesiwp.webboll.com\/index.php\/wp-json\/wp\/v2\/pages"}],"about":[{"href":"https:\/\/doktorsitesiwp.webboll.com\/index.php\/wp-json\/wp\/v2\/types\/page"}],"author":[{"embeddable":true,"href":"https:\/\/doktorsitesiwp.webboll.com\/index.php\/wp-json\/wp\/v2\/users\/1"}],"replies":[{"embeddable":true,"href":"https:\/\/doktorsitesiwp.webboll.com\/index.php\/wp-json\/wp\/v2\/comments?post=14646"}],"version-history":[{"count":0,"href":"https:\/\/doktorsitesiwp.webboll.com\/index.php\/wp-json\/wp\/v2\/pages\/14646\/revisions"}],"wp:attachment":[{"href":"https:\/\/doktorsitesiwp.webboll.com\/index.php\/wp-json\/wp\/v2\/media?parent=14646"}],"curies":[{"name":"wp","href":"https:\/\/api.w.org\/{rel}","templated":true}]}}