{"id":14749,"date":"2026-01-29T18:48:39","date_gmt":"2026-01-29T18:48:39","guid":{"rendered":"https:\/\/doktorsitesiwp.webboll.com\/?page_id=14749"},"modified":"2026-01-30T09:21:03","modified_gmt":"2026-01-30T09:21:03","slug":"anksiyete-bozuklugu-tedavisi","status":"publish","type":"page","link":"https:\/\/doktorsitesiwp.webboll.com\/index.php\/anksiyete-bozuklugu-tedavisi\/","title":{"rendered":"Anksiyete Bozuklu\u011fu Tedavisi"},"content":{"rendered":"\t\t<div data-elementor-type=\"wp-page\" data-elementor-id=\"14749\" class=\"elementor elementor-14749\">\n\t\t\t\t<div class=\"elementor-element elementor-element-6dbebea e-grid e-con-boxed e-con e-parent\" data-id=\"6dbebea\" data-element_type=\"container\">\n\t\t\t\t\t<div class=\"e-con-inner\">\n\t\t\t\t<div class=\"elementor-element elementor-element-d2c0ba1 elementor-widget elementor-widget-text-editor\" data-id=\"d2c0ba1\" data-element_type=\"widget\" data-widget_type=\"text-editor.default\">\n\t\t\t\t\t\t\t\t\t<p>Anksiyete bozuklu\u011fu, uygun tedavi ve destekle kontrol alt\u0131na al\u0131nabilen bir ruhsal rahats\u0131zl\u0131kt\u0131r. Psikoterapi, \u00f6zellikle bili\u015fsel davran\u0131\u015f\u00e7\u0131 terapi, kayg\u0131y\u0131 y\u00f6netmede etkili olurken; gerekli durumlarda ila\u00e7 tedavisiyle belirtiler azalt\u0131labilir. Erken m\u00fcdahale ve d\u00fczenli takip, ki\u015finin g\u00fcnl\u00fck ya\u015fam\u0131na daha dengeli ve sa\u011fl\u0131kl\u0131 \u015fekilde devam etmesini sa\u011flar.<\/p><p data-start=\"0\" data-end=\"350\">Anksiyete bozuklu\u011fu tedavisinde temel ama\u00e7, ki\u015finin kayg\u0131lar\u0131n\u0131 tan\u0131mas\u0131 ve onlarla ba\u015fa \u00e7\u0131kma becerilerini g\u00fc\u00e7lendirmesidir. Terapi s\u00fcrecinde d\u00fc\u015f\u00fcnce kal\u0131plar\u0131 yeniden yap\u0131land\u0131r\u0131l\u0131rken, gev\u015feme teknikleri ve nefes egzersizleriyle bedensel belirtiler azalt\u0131labilir. D\u00fczenli ve istikrarl\u0131 bir tedavi s\u00fcreci, kayg\u0131n\u0131n ya\u015fam\u0131 kontrol etmesini engeller.<\/p><p data-start=\"352\" data-end=\"679\">Anksiyete bozuklu\u011fu, ki\u015finin hayat boyu bu durumla ya\u015famak zorunda oldu\u011fu anlam\u0131na gelmez. Uzman deste\u011fiyle planlanan terapi ve gerekti\u011finde medikal tedavi sayesinde belirtiler b\u00fcy\u00fck \u00f6l\u00e7\u00fcde hafifletilebilir. Tedavi s\u00fcreci, ki\u015finin kendini daha g\u00fcvende hissetmesini ve g\u00fcnl\u00fck ya\u015famda i\u015flevselli\u011fini yeniden kazanmas\u0131n\u0131 hedefler.<\/p>\t\t\t\t\t\t\t\t<\/div>\n\t\t\t\t<div class=\"elementor-element elementor-element-f78f722 elementor-widget elementor-widget-image\" data-id=\"f78f722\" data-element_type=\"widget\" data-widget_type=\"image.default\">\n\t\t\t\t\t\t\t\t\t\t\t\t\t\t\t<img fetchpriority=\"high\" decoding=\"async\" width=\"640\" height=\"427\" src=\"https:\/\/doktorsitesiwp.webboll.com\/wp-content\/uploads\/2026\/01\/anksiyete-1024x683.jpg\" class=\"attachment-large size-large wp-image-14963\" alt=\"\" srcset=\"https:\/\/doktorsitesiwp.webboll.com\/wp-content\/uploads\/2026\/01\/anksiyete-1024x683.jpg 1024w, https:\/\/doktorsitesiwp.webboll.com\/wp-content\/uploads\/2026\/01\/anksiyete-300x200.jpg 300w, https:\/\/doktorsitesiwp.webboll.com\/wp-content\/uploads\/2026\/01\/anksiyete-768x512.jpg 768w, https:\/\/doktorsitesiwp.webboll.com\/wp-content\/uploads\/2026\/01\/anksiyete-1536x1025.jpg 1536w, https:\/\/doktorsitesiwp.webboll.com\/wp-content\/uploads\/2026\/01\/anksiyete-600x400.jpg 600w, https:\/\/doktorsitesiwp.webboll.com\/wp-content\/uploads\/2026\/01\/anksiyete-1200x800.jpg 1200w, https:\/\/doktorsitesiwp.webboll.com\/wp-content\/uploads\/2026\/01\/anksiyete.jpg 2000w\" sizes=\"(max-width: 640px) 100vw, 640px\" \/>\t\t\t\t\t\t\t\t\t\t\t\t\t\t\t<\/div>\n\t\t\t\t\t<\/div>\n\t\t\t\t<\/div>\n\t\t<div class=\"elementor-element elementor-element-fdeb731 e-flex e-con-boxed e-con e-parent\" data-id=\"fdeb731\" data-element_type=\"container\">\n\t\t\t\t\t<div class=\"e-con-inner\">\n\t\t\t\t<div class=\"elementor-element elementor-element-d25aa5b elementor-widget elementor-widget-n-accordion\" data-id=\"d25aa5b\" data-element_type=\"widget\" data-settings=\"{&quot;default_state&quot;:&quot;expanded&quot;,&quot;max_items_expended&quot;:&quot;one&quot;,&quot;n_accordion_animation_duration&quot;:{&quot;unit&quot;:&quot;ms&quot;,&quot;size&quot;:400,&quot;sizes&quot;:[]}}\" data-widget_type=\"nested-accordion.default\">\n\t\t\t\t\t\t\t<div class=\"e-n-accordion\" aria-label=\"Accordion. Open links with Enter or Space, close with Escape, and navigate with Arrow Keys\">\n\t\t\t\t\t\t<details id=\"e-n-accordion-item-2200\" class=\"e-n-accordion-item\" open>\n\t\t\t\t<summary class=\"e-n-accordion-item-title\" data-accordion-index=\"1\" tabindex=\"0\" aria-expanded=\"true\" aria-controls=\"e-n-accordion-item-2200\" >\n\t\t\t\t\t<span class='e-n-accordion-item-title-header'><div class=\"e-n-accordion-item-title-text\"> Anksiyete Nedir? <\/div><\/span>\n\t\t\t\t\t\t\t<span class='e-n-accordion-item-title-icon'>\n\t\t\t<span class='e-opened' ><svg aria-hidden=\"true\" class=\"e-font-icon-svg e-fas-minus\" viewBox=\"0 0 448 512\" xmlns=\"http:\/\/www.w3.org\/2000\/svg\"><path d=\"M416 208H32c-17.67 0-32 14.33-32 32v32c0 17.67 14.33 32 32 32h384c17.67 0 32-14.33 32-32v-32c0-17.67-14.33-32-32-32z\"><\/path><\/svg><\/span>\n\t\t\t<span class='e-closed'><svg aria-hidden=\"true\" class=\"e-font-icon-svg e-fas-plus\" viewBox=\"0 0 448 512\" xmlns=\"http:\/\/www.w3.org\/2000\/svg\"><path d=\"M416 208H272V64c0-17.67-14.33-32-32-32h-32c-17.67 0-32 14.33-32 32v144H32c-17.67 0-32 14.33-32 32v32c0 17.67 14.33 32 32 32h144v144c0 17.67 14.33 32 32 32h32c17.67 0 32-14.33 32-32V304h144c17.67 0 32-14.33 32-32v-32c0-17.67-14.33-32-32-32z\"><\/path><\/svg><\/span>\n\t\t<\/span>\n\n\t\t\t\t\t\t<\/summary>\n\t\t\t\t<div role=\"region\" aria-labelledby=\"e-n-accordion-item-2200\" class=\"elementor-element elementor-element-4fa0a89 e-con-full e-flex e-con e-child\" data-id=\"4fa0a89\" data-element_type=\"container\">\n\t\t\t\t<div class=\"elementor-element elementor-element-39d2be4 elementor-widget elementor-widget-text-editor\" data-id=\"39d2be4\" data-element_type=\"widget\" data-widget_type=\"text-editor.default\">\n\t\t\t\t\t\t\t\t\t<p>Anksiyete, ki\u015finin tehdit veya tehlike alg\u0131s\u0131 kar\u015f\u0131s\u0131nda ya\u015fad\u0131\u011f\u0131 yo\u011fun kayg\u0131, endi\u015fe ve gerginlik halidir. G\u00fcnl\u00fck ya\u015famda belirli d\u00fczeyde kayg\u0131 normal kabul edilse de, bu durum s\u00fcrekli hale geldi\u011finde ve ya\u015fam kalitesini olumsuz etkiledi\u011finde bir ruhsal sorun olarak de\u011ferlendirilir.<\/p>\t\t\t\t\t\t\t\t<\/div>\n\t\t\t\t<\/div>\n\t\t\t\t\t<\/details>\n\t\t\t\t\t\t<details id=\"e-n-accordion-item-2201\" class=\"e-n-accordion-item\" >\n\t\t\t\t<summary class=\"e-n-accordion-item-title\" data-accordion-index=\"2\" tabindex=\"-1\" aria-expanded=\"false\" aria-controls=\"e-n-accordion-item-2201\" >\n\t\t\t\t\t<span class='e-n-accordion-item-title-header'><div class=\"e-n-accordion-item-title-text\"> Belirtileri Nelerdir? <\/div><\/span>\n\t\t\t\t\t\t\t<span class='e-n-accordion-item-title-icon'>\n\t\t\t<span class='e-opened' ><svg aria-hidden=\"true\" class=\"e-font-icon-svg e-fas-minus\" viewBox=\"0 0 448 512\" xmlns=\"http:\/\/www.w3.org\/2000\/svg\"><path d=\"M416 208H32c-17.67 0-32 14.33-32 32v32c0 17.67 14.33 32 32 32h384c17.67 0 32-14.33 32-32v-32c0-17.67-14.33-32-32-32z\"><\/path><\/svg><\/span>\n\t\t\t<span class='e-closed'><svg aria-hidden=\"true\" class=\"e-font-icon-svg e-fas-plus\" viewBox=\"0 0 448 512\" xmlns=\"http:\/\/www.w3.org\/2000\/svg\"><path d=\"M416 208H272V64c0-17.67-14.33-32-32-32h-32c-17.67 0-32 14.33-32 32v144H32c-17.67 0-32 14.33-32 32v32c0 17.67 14.33 32 32 32h144v144c0 17.67 14.33 32 32 32h32c17.67 0 32-14.33 32-32V304h144c17.67 0 32-14.33 32-32v-32c0-17.67-14.33-32-32-32z\"><\/path><\/svg><\/span>\n\t\t<\/span>\n\n\t\t\t\t\t\t<\/summary>\n\t\t\t\t<div role=\"region\" aria-labelledby=\"e-n-accordion-item-2201\" class=\"elementor-element elementor-element-6718b56 e-con-full e-flex e-con e-child\" data-id=\"6718b56\" data-element_type=\"container\">\n\t\t\t\t<div class=\"elementor-element elementor-element-5a8d7d4 elementor-widget elementor-widget-text-editor\" data-id=\"5a8d7d4\" data-element_type=\"widget\" data-widget_type=\"text-editor.default\">\n\t\t\t\t\t\t\t\t\t<p>Anksiyete; s\u00fcrekli endi\u015fe hali, huzursuzluk, \u00e7arp\u0131nt\u0131, nefes darl\u0131\u011f\u0131, kas gerginli\u011fi, dikkat da\u011f\u0131n\u0131kl\u0131\u011f\u0131 ve uyku problemleri gibi hem zihinsel hem de fiziksel belirtilerle kendini g\u00f6sterebilir. Ki\u015fi \u00e7o\u011fu zaman kontrol edemedi\u011fi d\u00fc\u015f\u00fcncelerle me\u015fgul olur ve g\u00fcnl\u00fck i\u015flevselli\u011fi zorla\u015f\u0131r.<\/p>\t\t\t\t\t\t\t\t<\/div>\n\t\t\t\t<\/div>\n\t\t\t\t\t<\/details>\n\t\t\t\t\t\t<details id=\"e-n-accordion-item-2202\" class=\"e-n-accordion-item\" >\n\t\t\t\t<summary class=\"e-n-accordion-item-title\" data-accordion-index=\"3\" tabindex=\"-1\" aria-expanded=\"false\" aria-controls=\"e-n-accordion-item-2202\" >\n\t\t\t\t\t<span class='e-n-accordion-item-title-header'><div class=\"e-n-accordion-item-title-text\"> Tedavi Edilebilir mi? <\/div><\/span>\n\t\t\t\t\t\t\t<span class='e-n-accordion-item-title-icon'>\n\t\t\t<span class='e-opened' ><svg aria-hidden=\"true\" class=\"e-font-icon-svg e-fas-minus\" viewBox=\"0 0 448 512\" xmlns=\"http:\/\/www.w3.org\/2000\/svg\"><path d=\"M416 208H32c-17.67 0-32 14.33-32 32v32c0 17.67 14.33 32 32 32h384c17.67 0 32-14.33 32-32v-32c0-17.67-14.33-32-32-32z\"><\/path><\/svg><\/span>\n\t\t\t<span class='e-closed'><svg aria-hidden=\"true\" class=\"e-font-icon-svg e-fas-plus\" viewBox=\"0 0 448 512\" xmlns=\"http:\/\/www.w3.org\/2000\/svg\"><path d=\"M416 208H272V64c0-17.67-14.33-32-32-32h-32c-17.67 0-32 14.33-32 32v144H32c-17.67 0-32 14.33-32 32v32c0 17.67 14.33 32 32 32h144v144c0 17.67 14.33 32 32 32h32c17.67 0 32-14.33 32-32V304h144c17.67 0 32-14.33 32-32v-32c0-17.67-14.33-32-32-32z\"><\/path><\/svg><\/span>\n\t\t<\/span>\n\n\t\t\t\t\t\t<\/summary>\n\t\t\t\t<div role=\"region\" aria-labelledby=\"e-n-accordion-item-2202\" class=\"elementor-element elementor-element-4095604 e-con-full e-flex e-con e-child\" data-id=\"4095604\" data-element_type=\"container\">\n\t\t\t\t<\/div>\n\t\t\t\t\t<\/details>\n\t\t\t\t\t<\/div>\n\t\t\t\t\t\t<\/div>\n\t\t\t\t<div class=\"elementor-element elementor-element-978044b elementor-widget elementor-widget-text-editor\" data-id=\"978044b\" data-element_type=\"widget\" data-widget_type=\"text-editor.default\">\n\t\t\t\t\t\t\t\t\t<p>Anksiyete bozukluklar\u0131 tedavi edilebilir rahats\u0131zl\u0131klard\u0131r. Psikoterapi, gerekti\u011finde ila\u00e7 tedavisi ve ya\u015fam tarz\u0131 d\u00fczenlemeleriyle belirtiler b\u00fcy\u00fck \u00f6l\u00e7\u00fcde azalt\u0131labilir. Erken d\u00f6nemde profesyonel destek almak, hem tedavi s\u00fcrecini kolayla\u015ft\u0131r\u0131r hem de ki\u015finin ya\u015fam kalitesini \u00f6nemli \u00f6l\u00e7\u00fcde art\u0131r\u0131r.<\/p>\t\t\t\t\t\t\t\t<\/div>\n\t\t\t\t<div class=\"elementor-element elementor-element-84957d3 elementor-widget elementor-widget-heading\" data-id=\"84957d3\" data-element_type=\"widget\" data-widget_type=\"heading.default\">\n\t\t\t\t\t<h2 class=\"elementor-heading-title elementor-size-default\">MAKALELER<\/h2>\t\t\t\t<\/div>\n\t\t\t\t<div class=\"elementor-element elementor-element-5bfcac5 elementor-widget elementor-widget-post-grid\" data-id=\"5bfcac5\" data-element_type=\"widget\" data-widget_type=\"post-grid.default\">\n\t\t\t\t<div class=\"elementor-widget-container\">\n\t\t\t\t\t\r\n        <div class=\"row\">\r\n\r\n                    <div class=\"col-lg-4 mb-5\">\r\n                                    <div class=\"post-card style-1\">\r\n                        <div class=\"post-image\">\r\n                            <img decoding=\"async\" width=\"700\" height=\"600\" src=\"https:\/\/doktorsitesiwp.webboll.com\/wp-content\/uploads\/2026\/01\/kaygi-700x600.jpg\" class=\"attachment-mednix-700x600 size-mednix-700x600 wp-post-image\" alt=\"\" \/>                            <ul class=\"list-inline mb-0 post-bottom post-shape-area\">\r\n                                <div class=\"post-shape-left\"><\/div>\r\n                                <li class=\"list-inline-item\"><span class=\"posted-on\"><a href=\"https:\/\/doktorsitesiwp.webboll.com\/index.php\/2026\/01\/30\/anksiyete-nedir\/\" rel=\"bookmark\"><time class=\"entry-date published\" datetime=\"2026-01-30T09:04:23+00:00\">Ocak 30, 2026<\/time><time class=\"updated\" datetime=\"2026-01-30T09:05:10+00:00\">Ocak 30, 2026<\/time><\/a><\/span><\/li>\r\n                                <div class=\"post-shape-right\"><\/div>\r\n                            <\/ul>\r\n                        <\/div>\r\n                        <div class=\"post-desc\">\r\n                            <div class=\"post-title\">\r\n                                <h4><a href=\"https:\/\/doktorsitesiwp.webboll.com\/index.php\/2026\/01\/30\/anksiyete-nedir\/\">Anksiyete Nedir<\/a><\/h4>\r\n                            <\/div>\r\n                            <ul class=\"list-inline post-bottom\">\r\n                                <li class=\"list-inline-item\"><span class=\"byline\"> <span class=\"author vcard\"><a class=\"url fn n\" href=\"https:\/\/doktorsitesiwp.webboll.com\/index.php\/author\/murat\/\">admin<\/a><\/span><\/span><\/li>\r\n                                <li class=\"list-inline-item\"><span class=\"cat-links\"> <a href=\"https:\/\/doktorsitesiwp.webboll.com\/index.php\/category\/anksiyete\/\" rel=\"category tag\">Anksiyete<\/a><\/span><\/li>\r\n                            <\/ul>\r\n                        <\/div>\r\n                    <\/div>\r\n                            <\/div>\r\n                <\/div>\r\n\r\n    \t\t\t\t<\/div>\n\t\t\t\t<\/div>\n\t\t\t\t\t<\/div>\n\t\t\t\t<\/div>\n\t\t<div class=\"elementor-element elementor-element-d589aa4 e-flex e-con-boxed e-con e-parent\" data-id=\"d589aa4\" data-element_type=\"container\">\n\t\t\t\t\t<div class=\"e-con-inner\">\n\t\t\t\t\t<\/div>\n\t\t\t\t<\/div>\n\t\t\t\t<\/div>\n\t\t","protected":false},"excerpt":{"rendered":"<p>Anksiyete bozuklu\u011fu, uygun tedavi ve destekle kontrol alt\u0131na al\u0131nabilen bir ruhsal rahats\u0131zl\u0131kt\u0131r. Psikoterapi, \u00f6zellikle bili\u015fsel davran\u0131\u015f\u00e7\u0131 terapi, kayg\u0131y\u0131 y\u00f6netmede etkili olurken; gerekli durumlarda ila\u00e7 tedavisiyle belirtiler azalt\u0131labilir. Erken m\u00fcdahale ve d\u00fczenli takip, ki\u015finin g\u00fcnl\u00fck ya\u015fam\u0131na daha dengeli ve sa\u011fl\u0131kl\u0131 \u015fekilde devam etmesini sa\u011flar. Anksiyete bozuklu\u011fu tedavisinde temel ama\u00e7, ki\u015finin kayg\u0131lar\u0131n\u0131 tan\u0131mas\u0131 ve onlarla ba\u015fa \u00e7\u0131kma [&hellip;]<\/p>\n","protected":false},"author":1,"featured_media":0,"parent":0,"menu_order":0,"comment_status":"closed","ping_status":"closed","template":"","meta":{"footnotes":""},"class_list":["post-14749","page","type-page","status-publish","hentry"],"_links":{"self":[{"href":"https:\/\/doktorsitesiwp.webboll.com\/index.php\/wp-json\/wp\/v2\/pages\/14749","targetHints":{"allow":["GET"]}}],"collection":[{"href":"https:\/\/doktorsitesiwp.webboll.com\/index.php\/wp-json\/wp\/v2\/pages"}],"about":[{"href":"https:\/\/doktorsitesiwp.webboll.com\/index.php\/wp-json\/wp\/v2\/types\/page"}],"author":[{"embeddable":true,"href":"https:\/\/doktorsitesiwp.webboll.com\/index.php\/wp-json\/wp\/v2\/users\/1"}],"replies":[{"embeddable":true,"href":"https:\/\/doktorsitesiwp.webboll.com\/index.php\/wp-json\/wp\/v2\/comments?post=14749"}],"version-history":[{"count":0,"href":"https:\/\/doktorsitesiwp.webboll.com\/index.php\/wp-json\/wp\/v2\/pages\/14749\/revisions"}],"wp:attachment":[{"href":"https:\/\/doktorsitesiwp.webboll.com\/index.php\/wp-json\/wp\/v2\/media?parent=14749"}],"curies":[{"name":"wp","href":"https:\/\/api.w.org\/{rel}","templated":true}]}}