{"id":14769,"date":"2026-01-29T18:48:39","date_gmt":"2026-01-29T18:48:39","guid":{"rendered":"https:\/\/doktorsitesiwp.webboll.com\/?page_id=14769"},"modified":"2026-01-29T19:01:18","modified_gmt":"2026-01-29T19:01:18","slug":"anksiyete-bozuklugu-tedavisi-2-7","status":"publish","type":"page","link":"https:\/\/doktorsitesiwp.webboll.com\/index.php\/anksiyete-bozuklugu-tedavisi-2-7\/","title":{"rendered":"Psikiyatrik \u0130la\u00e7 Tedavisi"},"content":{"rendered":"\t\t<div data-elementor-type=\"wp-page\" data-elementor-id=\"14769\" class=\"elementor elementor-14769\">\n\t\t\t\t<div class=\"elementor-element elementor-element-6dbebea e-grid e-con-boxed e-con e-parent\" data-id=\"6dbebea\" data-element_type=\"container\">\n\t\t\t\t\t<div class=\"e-con-inner\">\n\t\t\t\t<div class=\"elementor-element elementor-element-d2c0ba1 elementor-widget elementor-widget-text-editor\" data-id=\"d2c0ba1\" data-element_type=\"widget\" data-widget_type=\"text-editor.default\">\n\t\t\t\t\t\t\t\t\t<p>Anksiyete bozuklu\u011fu, uygun tedavi ve destekle kontrol alt\u0131na al\u0131nabilen bir ruhsal rahats\u0131zl\u0131kt\u0131r. Psikoterapi, \u00f6zellikle bili\u015fsel davran\u0131\u015f\u00e7\u0131 terapi, kayg\u0131y\u0131 y\u00f6netmede etkili olurken; gerekli durumlarda ila\u00e7 tedavisiyle belirtiler azalt\u0131labilir. Erken m\u00fcdahale ve d\u00fczenli takip, ki\u015finin g\u00fcnl\u00fck ya\u015fam\u0131na daha dengeli ve sa\u011fl\u0131kl\u0131 \u015fekilde devam etmesini sa\u011flar.<\/p><p data-start=\"0\" data-end=\"350\">Anksiyete bozuklu\u011fu tedavisinde temel ama\u00e7, ki\u015finin kayg\u0131lar\u0131n\u0131 tan\u0131mas\u0131 ve onlarla ba\u015fa \u00e7\u0131kma becerilerini g\u00fc\u00e7lendirmesidir. Terapi s\u00fcrecinde d\u00fc\u015f\u00fcnce kal\u0131plar\u0131 yeniden yap\u0131land\u0131r\u0131l\u0131rken, gev\u015feme teknikleri ve nefes egzersizleriyle bedensel belirtiler azalt\u0131labilir. D\u00fczenli ve istikrarl\u0131 bir tedavi s\u00fcreci, kayg\u0131n\u0131n ya\u015fam\u0131 kontrol etmesini engeller.<\/p><p data-start=\"352\" data-end=\"679\">Anksiyete bozuklu\u011fu, ki\u015finin hayat boyu bu durumla ya\u015famak zorunda oldu\u011fu anlam\u0131na gelmez. Uzman deste\u011fiyle planlanan terapi ve gerekti\u011finde medikal tedavi sayesinde belirtiler b\u00fcy\u00fck \u00f6l\u00e7\u00fcde hafifletilebilir. Tedavi s\u00fcreci, ki\u015finin kendini daha g\u00fcvende hissetmesini ve g\u00fcnl\u00fck ya\u015famda i\u015flevselli\u011fini yeniden kazanmas\u0131n\u0131 hedefler.<\/p>\t\t\t\t\t\t\t\t<\/div>\n\t\t\t\t<div class=\"elementor-element elementor-element-f78f722 elementor-widget elementor-widget-image\" data-id=\"f78f722\" data-element_type=\"widget\" data-widget_type=\"image.default\">\n\t\t\t\t\t\t\t\t\t\t\t\t\t\t\t<img decoding=\"async\" src=\"https:\/\/doktorsitesiwp.webboll.com\/wp-content\/plugins\/elementor\/assets\/images\/placeholder.png\" title=\"\" alt=\"\" loading=\"lazy\" \/>\t\t\t\t\t\t\t\t\t\t\t\t\t\t\t<\/div>\n\t\t\t\t\t<\/div>\n\t\t\t\t<\/div>\n\t\t\t\t<\/div>\n\t\t","protected":false},"excerpt":{"rendered":"<p>Anksiyete bozuklu\u011fu, uygun tedavi ve destekle kontrol alt\u0131na al\u0131nabilen bir ruhsal rahats\u0131zl\u0131kt\u0131r. Psikoterapi, \u00f6zellikle bili\u015fsel davran\u0131\u015f\u00e7\u0131 terapi, kayg\u0131y\u0131 y\u00f6netmede etkili olurken; gerekli durumlarda ila\u00e7 tedavisiyle belirtiler azalt\u0131labilir. Erken m\u00fcdahale ve d\u00fczenli takip, ki\u015finin g\u00fcnl\u00fck ya\u015fam\u0131na daha dengeli ve sa\u011fl\u0131kl\u0131 \u015fekilde devam etmesini sa\u011flar. Anksiyete bozuklu\u011fu tedavisinde temel ama\u00e7, ki\u015finin kayg\u0131lar\u0131n\u0131 tan\u0131mas\u0131 ve onlarla ba\u015fa \u00e7\u0131kma [&hellip;]<\/p>\n","protected":false},"author":1,"featured_media":0,"parent":0,"menu_order":0,"comment_status":"closed","ping_status":"closed","template":"","meta":{"footnotes":""},"class_list":["post-14769","page","type-page","status-publish","hentry"],"_links":{"self":[{"href":"https:\/\/doktorsitesiwp.webboll.com\/index.php\/wp-json\/wp\/v2\/pages\/14769","targetHints":{"allow":["GET"]}}],"collection":[{"href":"https:\/\/doktorsitesiwp.webboll.com\/index.php\/wp-json\/wp\/v2\/pages"}],"about":[{"href":"https:\/\/doktorsitesiwp.webboll.com\/index.php\/wp-json\/wp\/v2\/types\/page"}],"author":[{"embeddable":true,"href":"https:\/\/doktorsitesiwp.webboll.com\/index.php\/wp-json\/wp\/v2\/users\/1"}],"replies":[{"embeddable":true,"href":"https:\/\/doktorsitesiwp.webboll.com\/index.php\/wp-json\/wp\/v2\/comments?post=14769"}],"version-history":[{"count":0,"href":"https:\/\/doktorsitesiwp.webboll.com\/index.php\/wp-json\/wp\/v2\/pages\/14769\/revisions"}],"wp:attachment":[{"href":"https:\/\/doktorsitesiwp.webboll.com\/index.php\/wp-json\/wp\/v2\/media?parent=14769"}],"curies":[{"name":"wp","href":"https:\/\/api.w.org\/{rel}","templated":true}]}}