{"id":2404,"date":"2025-07-28T15:58:44","date_gmt":"2025-07-28T15:58:44","guid":{"rendered":"https:\/\/mednix.themeht.com\/?page_id=2404"},"modified":"2026-01-30T09:47:31","modified_gmt":"2026-01-30T09:47:31","slug":"about-us","status":"publish","type":"page","link":"https:\/\/doktorsitesiwp.webboll.com\/index.php\/about-us\/","title":{"rendered":"Hakk\u0131mda"},"content":{"rendered":"\t\t<div data-elementor-type=\"wp-page\" data-elementor-id=\"2404\" class=\"elementor elementor-2404\">\n\t\t\t\t<div class=\"elementor-element elementor-element-7f50798 e-flex e-con-boxed e-con e-parent\" data-id=\"7f50798\" data-element_type=\"container\">\n\t\t\t\t\t<div class=\"e-con-inner\">\n\t\t\t\t<div class=\"elementor-element elementor-element-f3ce4f5 elementor-widget__width-initial elementor-widget elementor-widget-themeht-anim-heading\" data-id=\"f3ce4f5\" data-element_type=\"widget\" data-widget_type=\"themeht-anim-heading.default\">\n\t\t\t\t<div class=\"elementor-widget-container\">\n\t\t\t\t\t\r\n        <div class=\"themeht-anim-heading center\">\r\n            <h2 class=\"themeht-anim-text  \">\r\n                Bilimsel, etik ve birey odakl\u0131 yakla\u015f\u0131mla ruh sa\u011fl\u0131\u011f\u0131n\u0131 korumay\u0131, g\u00fc\u00e7lendirmeyi ve ya\u015fam kalitesini art\u0131rmay\u0131 ama\u00e7layan bir hizmet sunmak.            <\/h2>\r\n        <\/div>\r\n\r\n        \t\t\t\t<\/div>\n\t\t\t\t<\/div>\n\t\t\t\t\t<\/div>\n\t\t\t\t<\/div>\n\t\t<div class=\"elementor-element elementor-element-b3263f6 e-flex e-con-boxed e-con e-parent\" data-id=\"b3263f6\" data-element_type=\"container\">\n\t\t\t\t\t<div class=\"e-con-inner\">\n\t\t<div class=\"elementor-element elementor-element-225b64e e-con-full e-flex e-con e-child\" data-id=\"225b64e\" data-element_type=\"container\">\n\t\t\t\t<div class=\"elementor-element elementor-element-ab59f67 elementor-widget elementor-widget-about-one\" data-id=\"ab59f67\" data-element_type=\"widget\" data-widget_type=\"about-one.default\">\n\t\t\t\t<div class=\"elementor-widget-container\">\n\t\t\t\t\t\r\n        <div class=\"about-one-sec\">\r\n\r\n            <h6 class=\"about-left-text\">Kimiz?<\/h6>\r\n    \r\n    <div class=\"about-one-right\">\r\n        <div class=\"about-one-right-number\">\r\n        \r\n                <h3 class=\"about-big-text\">\r\n        22    <\/h3>\r\n            \r\n                            <div class=\"about-roted-text\">\r\n                    <h6>Y\u0131ll\u0131k kurumsal tecr\u00fcbe<\/h6>\r\n                <\/div>\r\n                        \r\n        <\/div>\r\n\r\n        <div class=\"about-one-left-image\">\r\n            \r\n                            <h6>Sa\u011fl\u0131kl\u0131 mental ya\u015fam<\/h6>\r\n                    <\/div>\r\n    <\/div>\r\n<\/div>\r\n\r\n\r\n        \t\t\t\t<\/div>\n\t\t\t\t<\/div>\n\t\t\t\t<\/div>\n\t\t<div class=\"elementor-element elementor-element-61c5c1d e-con-full e-flex e-con e-child\" data-id=\"61c5c1d\" data-element_type=\"container\">\n\t\t\t\t<div class=\"elementor-element elementor-element-8b5c648 elementor-widget elementor-widget-text-editor\" data-id=\"8b5c648\" data-element_type=\"widget\" data-widget_type=\"text-editor.default\">\n\t\t\t\t\t\t\t\t\t<p>\u0130stanbul \u00dcniversitesi \u0130stanbul T\u0131p Fak\u00fcltesi\u2019nden 2003 y\u0131l\u0131nda mezun oldum. Uzmanl\u0131k e\u011fitimimi \u0130stanbul \u015ei\u015fli Etfal E\u011fitim ve Ara\u015ft\u0131rma Hastanesi Ruh Sa\u011fl\u0131\u011f\u0131 ve Hastal\u0131klar\u0131 b\u00f6l\u00fcm\u00fcnde 2010 y\u0131l\u0131nda tamamlad\u0131m. Bak\u0131rk\u00f6y Ruh ve Sinir hastal\u0131klar\u0131 hastanesinde uzman doktor olarak g\u00f6rev yapt\u0131m. 2019-2023 y\u0131llar\u0131 aras\u0131nda \u0130stinye ve Atlas \u00dcniversitesi\u2019nde \u00f6\u011fretim \u00fcyesi doktor olarak g\u00f6rev yapt\u0131m. \u015eu an kendi muayenehanemde dan\u0131\u015fan g\u00f6rmekteyim. Psikiyatrik hastal\u0131klar ve farmakoterapisi (ila\u00e7 tedavisi) yan\u0131nda \u015eema odakl\u0131 Bili\u015fsel Davran\u0131\u015f\u00e7\u0131 terapi yap\u0131yorum. \u201c\u0130yi hissetmek\u201d adl\u0131 dergide zaman zaman yaz\u0131lar\u0131m\u0131 payla\u015f\u0131yorum.<\/p>\t\t\t\t\t\t\t\t<\/div>\n\t\t\t\t<div class=\"elementor-element elementor-element-f510723 elementor-widget elementor-widget-heading\" data-id=\"f510723\" data-element_type=\"widget\" data-widget_type=\"heading.default\">\n\t\t\t\t\t<span class=\"elementor-heading-title elementor-size-default\">Let\u2019s create something extraordinary!<\/span>\t\t\t\t<\/div>\n\t\t\t\t<div class=\"elementor-element elementor-element-4fbeda6 elementor-widget elementor-widget-image\" data-id=\"4fbeda6\" data-element_type=\"widget\" data-widget_type=\"image.default\">\n\t\t\t\t\t\t\t\t\t\t\t\t\t\t\t<img fetchpriority=\"high\" decoding=\"async\" width=\"1920\" height=\"1080\" src=\"https:\/\/doktorsitesiwp.webboll.com\/wp-content\/uploads\/2025\/10\/31.jpg\" class=\"attachment-full size-full wp-image-9819\" alt=\"\" srcset=\"https:\/\/doktorsitesiwp.webboll.com\/wp-content\/uploads\/2025\/10\/31.jpg 1920w, https:\/\/doktorsitesiwp.webboll.com\/wp-content\/uploads\/2025\/10\/31-300x169.jpg 300w, https:\/\/doktorsitesiwp.webboll.com\/wp-content\/uploads\/2025\/10\/31-1024x576.jpg 1024w, https:\/\/doktorsitesiwp.webboll.com\/wp-content\/uploads\/2025\/10\/31-768x432.jpg 768w, https:\/\/doktorsitesiwp.webboll.com\/wp-content\/uploads\/2025\/10\/31-1536x864.jpg 1536w, https:\/\/doktorsitesiwp.webboll.com\/wp-content\/uploads\/2025\/10\/31-600x338.jpg 600w\" sizes=\"(max-width: 1920px) 100vw, 1920px\" \/>\t\t\t\t\t\t\t\t\t\t\t\t\t\t\t<\/div>\n\t\t\t\t<\/div>\n\t\t\t\t\t<\/div>\n\t\t\t\t<\/div>\n\t\t<div class=\"elementor-element elementor-element-b12b73c e-con-full e-flex e-con e-parent\" data-id=\"b12b73c\" data-element_type=\"container\">\n\t\t\t\t<div class=\"elementor-element elementor-element-588e112 elementor-widget elementor-widget-marquee-animation\" data-id=\"588e112\" data-element_type=\"widget\" data-widget_type=\"marquee-animation.default\">\n\t\t\t\t<div class=\"elementor-widget-container\">\n\t\t\t\t\t    <div class=\"marquee-wrap style1 pause-on-hover\">\r\n        <div class=\"marquee-inner \" style=\"--scroll-speed: 200s;\">\r\n            <div class=\"marquee-content\">\r\n                                    <div class=\"marquee-text\">\r\n                        <span>Mental Sa\u011fl\u0131k<\/span>\r\n                        <i aria-hidden=\"true\" class=\"flaticon flaticon-asterisk-1\"><\/i>                    <\/div>\r\n                                    <div class=\"marquee-text\">\r\n                        <span>Terapi<\/span>\r\n                        <i aria-hidden=\"true\" class=\"flaticon flaticon-asterisk-1\"><\/i>                    <\/div>\r\n                                    <div class=\"marquee-text\">\r\n                        <span>kAYGI<\/span>\r\n                        <i aria-hidden=\"true\" class=\"flaticon flaticon-asterisk-1\"><\/i>                    <\/div>\r\n                                    <div class=\"marquee-text\">\r\n                        <span>Psikoloji<\/span>\r\n                        <i aria-hidden=\"true\" class=\"flaticon flaticon-asterisk-1\"><\/i>                    <\/div>\r\n                                <!-- Duplicate the list for seamless looping -->\r\n                                    <div class=\"marquee-text\">\r\n                        <span>Mental Sa\u011fl\u0131k<\/span>\r\n                        <i aria-hidden=\"true\" class=\"flaticon flaticon-asterisk-1\"><\/i>                    <\/div>\r\n                                    <div class=\"marquee-text\">\r\n                        <span>Terapi<\/span>\r\n                        <i aria-hidden=\"true\" class=\"flaticon flaticon-asterisk-1\"><\/i>                    <\/div>\r\n                                    <div class=\"marquee-text\">\r\n                        <span>kAYGI<\/span>\r\n                        <i aria-hidden=\"true\" class=\"flaticon flaticon-asterisk-1\"><\/i>                    <\/div>\r\n                                    <div class=\"marquee-text\">\r\n                        <span>Psikoloji<\/span>\r\n                        <i aria-hidden=\"true\" class=\"flaticon flaticon-asterisk-1\"><\/i>                    <\/div>\r\n                            <\/div>\r\n        <\/div>\r\n    <\/div>\r\n    \t\t\t\t<\/div>\n\t\t\t\t<\/div>\n\t\t\t\t<\/div>\n\t\t<div class=\"elementor-element elementor-element-2840b50 e-con-full dark-bg e-flex e-con e-parent\" data-id=\"2840b50\" data-element_type=\"container\" data-settings=\"{&quot;background_background&quot;:&quot;classic&quot;}\">\n\t\t<div class=\"elementor-element elementor-element-82d2ac5 e-con-full e-flex e-con e-child\" data-id=\"82d2ac5\" data-element_type=\"container\">\n\t\t\t\t<div class=\"elementor-element elementor-element-7bc7a2d elementor-widget__width-initial elementor-widget elementor-widget-title\" data-id=\"7bc7a2d\" data-element_type=\"widget\" data-widget_type=\"title.default\">\n\t\t\t\t<div class=\"elementor-widget-container\">\n\t\t\t\t\t        <div class=\"theme-title style-1 text-white text-center\">\r\n                            <div class=\"ht-subtitle\"><h6>Hizmetlerimiz<\/h6><\/div>\r\n                        <h2 class=\"text-anime-style\">Sa\u011fl\u0131kl\u0131 <\/p> <span class=\"title-sub\">Mental Ya\u015fam<\/span><\/h2>\r\n            <div><\/div>\r\n        <\/div>\r\n        \t\t\t\t<\/div>\n\t\t\t\t<\/div>\n\t\t\t\t<\/div>\n\t\t<div class=\"elementor-element elementor-element-9a3d795 e-grid e-con-full e-con e-child\" data-id=\"9a3d795\" data-element_type=\"container\">\n\t\t\t\t<div class=\"elementor-element elementor-element-a5288f7 elementor-widget elementor-widget-ht-service\" data-id=\"a5288f7\" data-element_type=\"widget\" data-widget_type=\"ht-service.default\">\n\t\t\t\t<div class=\"elementor-widget-container\">\n\t\t\t\t\t<div class=\"service-swiper-slider\"><div class=\"swiper service-swiper\" data-swiper=\"{&quot;loop&quot;:true,&quot;centeredSlides&quot;:false,&quot;speed&quot;:1500,&quot;spaceBetween&quot;:30,&quot;slidesPerView&quot;:4,&quot;autoplay&quot;:{&quot;delay&quot;:5000,&quot;disableOnInteraction&quot;:false},&quot;pagination&quot;:{&quot;el&quot;:&quot;.swiper-pagination-service_slider_69d7a339a4fd3&quot;,&quot;clickable&quot;:true},&quot;navigation&quot;:{&quot;nextEl&quot;:&quot;.swiper-button-next-service_slider_69d7a339a4fd3&quot;,&quot;prevEl&quot;:&quot;.swiper-button-prev-service_slider_69d7a339a4fd3&quot;},&quot;breakpoints&quot;:{&quot;0&quot;:{&quot;slidesPerView&quot;:1,&quot;spaceBetween&quot;:5},&quot;576&quot;:{&quot;slidesPerView&quot;:2,&quot;spaceBetween&quot;:10},&quot;768&quot;:{&quot;slidesPerView&quot;:3,&quot;spaceBetween&quot;:20},&quot;1024&quot;:{&quot;slidesPerView&quot;:4,&quot;spaceBetween&quot;:30},&quot;1200&quot;:{&quot;slidesPerView&quot;:4,&quot;spaceBetween&quot;:30}},&quot;effect&quot;:&quot;slide&quot;}\" data-uid=\"service_slider_69d7a339a4fd3\"><div class=\"swiper-wrapper\"><div class=\"swiper-slide\"><div class=\"service-item style-4\">\r\n                <div class=\"service-image\"><img decoding=\"async\" src=\"https:\/\/mednix.themeht.com\/wp-content\/uploads\/2025\/09\/01.jpg\" title=\"\" alt=\"\" loading=\"lazy\" \/><\/div>\r\n            \r\n    <div class=\"service-desc\">\r\n\r\n                <div class=\"service-icon\">\r\n                <i aria-hidden=\"true\" class=\"flaticon flaticon-orthopedics\"><\/i>            <\/div>\r\n            \r\n       \r\n\r\n            <div class=\"service-title\">\r\n            <h4>\r\n                <a href=\"\/detaylar\" \r\n                   target=\"_self\">\r\n                    Ergen Psikiyatri                <\/a>\r\n            <\/h4>\r\n        <\/div>\r\n    \r\n            <p style=\"-webkit-line-clamp: 2;\">Focuses on the diagnosis, treatment, and rehabilitation of conditions affecting the bones, joints, muscles, and ligaments\u2014helping restore mobility and improve quality of life.<\/p>\r\n    \r\n            <a href=\"\/detaylar\"\r\n           class=\"link-btn\"\r\n           target=\"_self\">\r\n            Explore Service <i class=\"flaticon flaticon-right-arrow-1\"><\/i>\r\n        <\/a>\r\n        <\/div>\r\n<\/div>\r\n<\/div><div class=\"swiper-slide\"><div class=\"service-item style-4\">\r\n                <div class=\"service-image\"><img decoding=\"async\" width=\"1920\" height=\"1080\" src=\"https:\/\/doktorsitesiwp.webboll.com\/wp-content\/uploads\/2025\/09\/04.jpg\" class=\"attachment-full size-full wp-image-6198\" alt=\"\" srcset=\"https:\/\/doktorsitesiwp.webboll.com\/wp-content\/uploads\/2025\/09\/04.jpg 1920w, https:\/\/doktorsitesiwp.webboll.com\/wp-content\/uploads\/2025\/09\/04-300x169.jpg 300w, https:\/\/doktorsitesiwp.webboll.com\/wp-content\/uploads\/2025\/09\/04-1024x576.jpg 1024w, https:\/\/doktorsitesiwp.webboll.com\/wp-content\/uploads\/2025\/09\/04-768x432.jpg 768w, https:\/\/doktorsitesiwp.webboll.com\/wp-content\/uploads\/2025\/09\/04-1536x864.jpg 1536w, https:\/\/doktorsitesiwp.webboll.com\/wp-content\/uploads\/2025\/09\/04-600x338.jpg 600w\" sizes=\"(max-width: 1920px) 100vw, 1920px\" \/><\/div>\r\n            \r\n    <div class=\"service-desc\">\r\n\r\n                <div class=\"service-icon\">\r\n                <i aria-hidden=\"true\" class=\"flaticon flaticon-diagnostic\"><\/i>            <\/div>\r\n            \r\n       \r\n\r\n            <div class=\"service-title\">\r\n            <h4>\r\n                <a href=\"\/detaylar\" \r\n                   target=\"_self\">\r\n                    Yeti\u015fkin Psikiyatrisi                <\/a>\r\n            <\/h4>\r\n        <\/div>\r\n    \r\n            <p style=\"-webkit-line-clamp: 2;\">Accurate testing and screening services to detect, monitor, and manage a wide range of health conditions.<\/p>\r\n    \r\n            <a href=\"\/detaylar\"\r\n           class=\"link-btn\"\r\n           target=\"_self\">\r\n            Explore Service <i class=\"flaticon flaticon-right-arrow-1\"><\/i>\r\n        <\/a>\r\n        <\/div>\r\n<\/div>\r\n<\/div><div class=\"swiper-slide\"><div class=\"service-item style-4\">\r\n                <div class=\"service-image\"><img decoding=\"async\" width=\"1920\" height=\"1080\" src=\"https:\/\/doktorsitesiwp.webboll.com\/wp-content\/uploads\/2025\/09\/05-1.jpg\" class=\"attachment-full size-full wp-image-6199\" alt=\"\" srcset=\"https:\/\/doktorsitesiwp.webboll.com\/wp-content\/uploads\/2025\/09\/05-1.jpg 1920w, https:\/\/doktorsitesiwp.webboll.com\/wp-content\/uploads\/2025\/09\/05-1-300x169.jpg 300w, https:\/\/doktorsitesiwp.webboll.com\/wp-content\/uploads\/2025\/09\/05-1-1024x576.jpg 1024w, https:\/\/doktorsitesiwp.webboll.com\/wp-content\/uploads\/2025\/09\/05-1-768x432.jpg 768w, https:\/\/doktorsitesiwp.webboll.com\/wp-content\/uploads\/2025\/09\/05-1-1536x864.jpg 1536w, https:\/\/doktorsitesiwp.webboll.com\/wp-content\/uploads\/2025\/09\/05-1-600x338.jpg 600w\" sizes=\"(max-width: 1920px) 100vw, 1920px\" \/><\/div>\r\n            \r\n    <div class=\"service-desc\">\r\n\r\n                <div class=\"service-icon\">\r\n                <i aria-hidden=\"true\" class=\"flaticon flaticon-sugar-blood-level\"><\/i>            <\/div>\r\n            \r\n       \r\n\r\n            <div class=\"service-title\">\r\n            <h4>\r\n                <a href=\"\/detaylar\" \r\n                   target=\"_self\">\r\n                    Ya\u015fl\u0131l\u0131k Psikiyatrisi                <\/a>\r\n            <\/h4>\r\n        <\/div>\r\n    \r\n            <p style=\"-webkit-line-clamp: 2;\">Comprehensive management of diabetes through medication, lifestyle changes, and regular monitoring to prevent complications.<\/p>\r\n    \r\n            <a href=\"\/detaylar\"\r\n           class=\"link-btn\"\r\n           target=\"_self\">\r\n            Explore Service <i class=\"flaticon flaticon-right-arrow-1\"><\/i>\r\n        <\/a>\r\n        <\/div>\r\n<\/div>\r\n<\/div><div class=\"swiper-slide\"><div class=\"service-item style-4\">\r\n                <div class=\"service-image\"><img loading=\"lazy\" decoding=\"async\" width=\"1920\" height=\"1080\" src=\"https:\/\/doktorsitesiwp.webboll.com\/wp-content\/uploads\/2025\/09\/06.jpg\" class=\"attachment-full size-full wp-image-6200\" alt=\"\" srcset=\"https:\/\/doktorsitesiwp.webboll.com\/wp-content\/uploads\/2025\/09\/06.jpg 1920w, https:\/\/doktorsitesiwp.webboll.com\/wp-content\/uploads\/2025\/09\/06-300x169.jpg 300w, https:\/\/doktorsitesiwp.webboll.com\/wp-content\/uploads\/2025\/09\/06-1024x576.jpg 1024w, https:\/\/doktorsitesiwp.webboll.com\/wp-content\/uploads\/2025\/09\/06-768x432.jpg 768w, https:\/\/doktorsitesiwp.webboll.com\/wp-content\/uploads\/2025\/09\/06-1536x864.jpg 1536w, https:\/\/doktorsitesiwp.webboll.com\/wp-content\/uploads\/2025\/09\/06-600x338.jpg 600w\" sizes=\"(max-width: 1920px) 100vw, 1920px\" \/><\/div>\r\n            \r\n    <div class=\"service-desc\">\r\n\r\n                <div class=\"service-icon\">\r\n                <i aria-hidden=\"true\" class=\"flaticon flaticon-family\"><\/i>            <\/div>\r\n            \r\n       \r\n\r\n            <div class=\"service-title\">\r\n            <h4>\r\n                <a href=\"\/detaylar\" \r\n                   target=\"_self\">\r\n                    Farmokoterapi                <\/a>\r\n            <\/h4>\r\n        <\/div>\r\n    \r\n            <p style=\"-webkit-line-clamp: 2;\">One of the defining features of family medicine is the continuity of care\u2014physicians often build long-term relationships with patients and their families.<\/p>\r\n    \r\n            <a href=\"\/detaylar\"\r\n           class=\"link-btn\"\r\n           target=\"_self\">\r\n            Explore Service <i class=\"flaticon flaticon-right-arrow-1\"><\/i>\r\n        <\/a>\r\n        <\/div>\r\n<\/div>\r\n<\/div><div class=\"swiper-slide\"><div class=\"service-item style-4\">\r\n                <div class=\"service-image\"><img decoding=\"async\" src=\"https:\/\/mednix.themeht.com\/wp-content\/uploads\/2025\/09\/08.jpg\" title=\"\" alt=\"\" loading=\"lazy\" \/><\/div>\r\n            \r\n    <div class=\"service-desc\">\r\n\r\n                <div class=\"service-icon\">\r\n                <i aria-hidden=\"true\" class=\"flaticon flaticon-neurology-1\"><\/i>            <\/div>\r\n            \r\n       \r\n\r\n            <div class=\"service-title\">\r\n            <h4>\r\n                <a href=\"\/detaylar\" \r\n                   target=\"_self\">\r\n                    Psikoterapi                <\/a>\r\n            <\/h4>\r\n        <\/div>\r\n    \r\n            <p style=\"-webkit-line-clamp: 2;\">Neurology is the branch of medicine that focuses on the diagnosis, treatment, and management of disorders related to the nervous system.<\/p>\r\n    \r\n            <a href=\"\/detaylar\"\r\n           class=\"link-btn\"\r\n           target=\"_self\">\r\n            Explore Service <i class=\"flaticon flaticon-right-arrow-1\"><\/i>\r\n        <\/a>\r\n        <\/div>\r\n<\/div>\r\n<\/div><\/div><div class=\"swiper-nav-dots\"><div class=\"swiper-pagination swiper-pagination-service_slider_69d7a339a4fd3\"><\/div><\/div><\/div><\/div>\t\t\t\t<\/div>\n\t\t\t\t<\/div>\n\t\t\t\t<\/div>\n\t\t\t\t<\/div>\n\t\t\t\t<\/div>\n\t\t","protected":false},"excerpt":{"rendered":"<p>Bilimsel, etik ve birey odakl\u0131 yakla\u015f\u0131mla ruh sa\u011fl\u0131\u011f\u0131n\u0131 korumay\u0131, g\u00fc\u00e7lendirmeyi ve ya\u015fam kalitesini art\u0131rmay\u0131 ama\u00e7layan bir hizmet sunmak. Kimiz? 22 Y\u0131ll\u0131k kurumsal tecr\u00fcbe Sa\u011fl\u0131kl\u0131 mental ya\u015fam \u0130stanbul \u00dcniversitesi \u0130stanbul T\u0131p Fak\u00fcltesi\u2019nden 2003 y\u0131l\u0131nda mezun oldum. Uzmanl\u0131k e\u011fitimimi \u0130stanbul \u015ei\u015fli Etfal E\u011fitim ve Ara\u015ft\u0131rma Hastanesi Ruh Sa\u011fl\u0131\u011f\u0131 ve Hastal\u0131klar\u0131 b\u00f6l\u00fcm\u00fcnde 2010 y\u0131l\u0131nda tamamlad\u0131m. Bak\u0131rk\u00f6y Ruh ve [&hellip;]<\/p>\n","protected":false},"author":1,"featured_media":0,"parent":0,"menu_order":0,"comment_status":"closed","ping_status":"closed","template":"","meta":{"footnotes":""},"class_list":["post-2404","page","type-page","status-publish","hentry"],"_links":{"self":[{"href":"https:\/\/doktorsitesiwp.webboll.com\/index.php\/wp-json\/wp\/v2\/pages\/2404","targetHints":{"allow":["GET"]}}],"collection":[{"href":"https:\/\/doktorsitesiwp.webboll.com\/index.php\/wp-json\/wp\/v2\/pages"}],"about":[{"href":"https:\/\/doktorsitesiwp.webboll.com\/index.php\/wp-json\/wp\/v2\/types\/page"}],"author":[{"embeddable":true,"href":"https:\/\/doktorsitesiwp.webboll.com\/index.php\/wp-json\/wp\/v2\/users\/1"}],"replies":[{"embeddable":true,"href":"https:\/\/doktorsitesiwp.webboll.com\/index.php\/wp-json\/wp\/v2\/comments?post=2404"}],"version-history":[{"count":0,"href":"https:\/\/doktorsitesiwp.webboll.com\/index.php\/wp-json\/wp\/v2\/pages\/2404\/revisions"}],"wp:attachment":[{"href":"https:\/\/doktorsitesiwp.webboll.com\/index.php\/wp-json\/wp\/v2\/media?parent=2404"}],"curies":[{"name":"wp","href":"https:\/\/api.w.org\/{rel}","templated":true}]}}